{"id":18,"date":"2025-12-02T11:55:20","date_gmt":"2025-12-02T14:55:20","guid":{"rendered":"https:\/\/ams.mutual.ar\/?page_id=18"},"modified":"2026-01-29T09:56:56","modified_gmt":"2026-01-29T12:56:56","slug":"sobre-nosotros","status":"publish","type":"page","link":"https:\/\/ams.mutual.ar\/index.php\/sobre-nosotros\/","title":{"rendered":"Sobre nosotros"},"content":{"rendered":"\t\t<div data-elementor-type=\"wp-page\" data-elementor-id=\"18\" class=\"elementor elementor-18\" data-elementor-post-type=\"page\">\n\t\t\t\t<div class=\"elementor-element elementor-element-48185304 e-con-full e-flex elementor-invisible e-con e-parent\" data-id=\"48185304\" data-element_type=\"container\" data-settings=\"{&quot;background_background&quot;:&quot;classic&quot;,&quot;animation&quot;:&quot;fadeIn&quot;}\">\n\t\t\t\t<div class=\"elementor-element elementor-element-7b8ca39 animated-fast elementor-widget__width-initial elementor-invisible elementor-widget elementor-widget-text-editor\" data-id=\"7b8ca39\" data-element_type=\"widget\" data-settings=\"{&quot;_animation&quot;:&quot;bounceInUp&quot;}\" data-widget_type=\"text-editor.default\">\n\t\t\t\t<div class=\"elementor-widget-container\">\n\t\t\t\t\t\t\t\t\t<section class=\"ams-about\">\n<div class=\"ams-container\">\n<h2 class=\"ams-title\">Sobre Nosotros<\/h2>\n<p class=\"ams-text\">La <strong>Asociaci\u00f3n Mutual Sulfacid (AMS)<\/strong> nace como la evoluci\u00f3n natural de la hist\u00f3rica\ny reconocida <strong>Sulfacid<\/strong>, una instituci\u00f3n profundamente ligada a la comunidad de\nFray Luis Beltr\u00e1n, Santa Fe. Desde 1965, los trabajadores de Sulfacid organizaron una mutual\ndestinada a acompa\u00f1ar y proteger a sus familias, construyendo una red de apoyo basada en la\nsolidaridad.<\/p>\n<p class=\"ams-text\">Hoy, AMS vuelve renovada: una mutual moderna, transparente y orientada al bienestar integral de\nsus asociados, manteniendo los valores que marcaron a Sulfacid durante d\u00e9cadas, pero incorporando\nnuevos servicios, tecnolog\u00eda y una visi\u00f3n actual de acompa\u00f1amiento social.<\/p>\n\n<div class=\"ams-features\">\n\n<!-- CARD 1 -->\n<div class=\"feature-box\">\n<div class=\"feature-icon\">\ud83e\udd1d<\/div>\n<h3 class=\"card-title\">Solidaridad con historia<\/h3>\n<p class=\"card-text\">M\u00e1s de 60 a\u00f1os acompa\u00f1ando a las familias de la comunidad, ahora con una estructura renovada.<\/p>\n\n<\/div>\n<!-- CARD 2 -->\n<div class=\"feature-box feature-center\">\n<div class=\"feature-icon\">\u2b50<\/div>\n<h3 class=\"card-title\">Beneficios de la cuota mutual<\/h3>\n<div class=\"benefits-mini-grid\">\n<div class=\"mini-benefit\">\ud83d\udecd\ufe0fDescuentos en Comercios<\/div>\n<div class=\"mini-benefit\">\ud83c\udfe0Asistencia al Hogar<\/div>\n<div class=\"mini-benefit\">\ud83d\udc3eAsistencia Veterinaria<\/div>\n<div class=\"mini-benefit\">\u2708\ufe0fAsistencia al Viajero<\/div>\n<div class=\"mini-benefit\">\ud83e\uddb7Asistencia Odontol\u00f3gica<\/div>\n<div class=\"mini-benefit\">\ud83d\ude97Asistencia al Veh\u00edculo<\/div>\n<\/div>\n<a class=\"ams-benefits-btn\" href=\"https:\/\/ams.mutual.ar\/index.php\/servicios\/#beneficios\">\nVer todos los beneficios\n<\/a>\n\n<\/div>\n<!-- CARD 3 -->\n<div class=\"feature-box\">\n<div class=\"feature-icon\">\ud83c\udf10<\/div>\n<h3 class=\"card-title\">Nuevo equipo, nuevos beneficios<\/h3>\n<p class=\"card-text\">Convenios, beneficios, atenci\u00f3n personalizada y un enfoque moderno hacia el bienestar.<\/p>\n\n<\/div>\n<\/div>\n<p class=\"ams-text final\">AMS representa la renovaci\u00f3n de un legado: la uni\u00f3n del prestigio hist\u00f3rico de Sulfacid con la\nfuerza solidaria de una nueva mutual creada para el futuro.<\/p>\n\n<\/div>\n<\/section>\t\t\t\t\t\t\t\t<\/div>\n\t\t\t\t<\/div>\n\t\t\t\t<\/div>\n\t\t<div class=\"elementor-element elementor-element-3906391 e-con-full e-flex e-con e-parent\" data-id=\"3906391\" data-element_type=\"container\" data-settings=\"{&quot;background_background&quot;:&quot;gradient&quot;}\">\n\t\t\t\t<div class=\"elementor-element elementor-element-7919f7c elementor-widget elementor-widget-html\" data-id=\"7919f7c\" data-element_type=\"widget\" data-widget_type=\"html.default\">\n\t\t\t\t<div class=\"elementor-widget-container\">\n\t\t\t\t\t<section class=\"ams-form-section\">\r\n  <div class=\"ams-form-container\">\r\n\r\n    <h2 class=\"ams-form-title\">Solicitud de Adhesi\u00f3n<\/h2>\r\n\r\n    <p class=\"ams-form-intro\">\r\n      Complet\u00e1 el siguiente formulario para iniciar tu solicitud de adhesi\u00f3n a la\r\n      <strong>Asociaci\u00f3n Mutual Sulfacid<\/strong>.\r\n    <\/p>\r\n\r\n    <form class=\"ams-form\" method=\"post\" action=\"\">\r\n\r\n      <div class=\"ams-form-grid\">\r\n        <input type=\"text\" name=\"nombre\" placeholder=\"Nombre\" required>\r\n        <input type=\"text\" name=\"apellido\" placeholder=\"Apellido\" required>\r\n\r\n        <input type=\"text\" name=\"dni\" placeholder=\"DNI\" required>\r\n        <input type=\"email\" name=\"email\" placeholder=\"Correo electr\u00f3nico\" required>\r\n\r\n        <input type=\"tel\" name=\"telefono\" placeholder=\"N\u00famero de tel\u00e9fono\" required>\r\n        <input type=\"text\" name=\"domicilio\" placeholder=\"Domicilio\" required>\r\n      <\/div>\r\n\r\n      <div class=\"ams-form-options\">\r\n        <span>Tipo de afiliaci\u00f3n<\/span>\r\n\r\n        <label>\r\n          <input type=\"radio\" name=\"aporte\" value=\"Sin aportes\" checked>\r\n          Sin aportes\r\n        <\/label>\r\n\r\n        <label>\r\n          <input type=\"radio\" name=\"aporte\" value=\"Con aportes\">\r\n          Con aportes\r\n        <\/label>\r\n      <\/div>\r\n\r\n      <input type=\"hidden\" name=\"ams_form_submit\" value=\"1\">\r\n\r\n      <button type=\"submit\" class=\"ams-form-btn\">\r\n        Enviar solicitud\r\n      <\/button>\r\n\r\n    <\/form>\r\n\r\n    <div class=\"ams-plan-legend\">\r\n      Plan Promocional $45.000.-<br>\r\n      <span>(para cuatro personas: dos mayores y dos menores)<\/span>\r\n    <\/div>\r\n\r\n  <\/div>\r\n<\/section>\r\n\t\t\t\t<\/div>\n\t\t\t\t<\/div>\n\t\t\t\t<\/div>\n\t\t<div class=\"elementor-element elementor-element-15c37ecd e-con-full e-flex elementor-invisible e-con e-parent\" data-id=\"15c37ecd\" data-element_type=\"container\" data-settings=\"{&quot;animation&quot;:&quot;fadeInUp&quot;}\">\n\t\t<div class=\"elementor-element elementor-element-65cb7c01 e-con-full animated-fast e-flex elementor-invisible e-con e-child\" data-id=\"65cb7c01\" data-element_type=\"container\" data-settings=\"{&quot;animation&quot;:&quot;fadeInUp&quot;}\">\n\t\t\t\t<div class=\"elementor-element elementor-element-7a40f1a4 elementor-widget elementor-widget-image\" data-id=\"7a40f1a4\" data-element_type=\"widget\" data-widget_type=\"image.default\">\n\t\t\t\t<div class=\"elementor-widget-container\">\n\t\t\t\t\t\t\t\t\t\t\t\t\t\t\t<img fetchpriority=\"high\" decoding=\"async\" width=\"1024\" height=\"571\" src=\"https:\/\/ams.mutual.ar\/wp-content\/uploads\/2025\/12\/2149155366.jpg\" class=\"attachment-large size-large wp-image-151\" alt=\"\" \/>\t\t\t\t\t\t\t\t\t\t\t\t\t\t\t<\/div>\n\t\t\t\t<\/div>\n\t\t\t\t<\/div>\n\t\t<div class=\"elementor-element elementor-element-3286e85 e-con-full animated-fast e-flex elementor-invisible e-con e-child\" data-id=\"3286e85\" data-element_type=\"container\" data-settings=\"{&quot;animation&quot;:&quot;bounceIn&quot;}\">\n\t\t\t\t<div class=\"elementor-element elementor-element-7767c194 elementor-widget elementor-widget-heading\" data-id=\"7767c194\" data-element_type=\"widget\" data-widget_type=\"heading.default\">\n\t\t\t\t<div class=\"elementor-widget-container\">\n\t\t\t\t\t<h2 class=\"elementor-heading-title elementor-size-default\">AMS Asociaci\u00f3n Mutual Sulfacid<\/h2>\t\t\t\t<\/div>\n\t\t\t\t<\/div>\n\t\t\t\t<div class=\"elementor-element elementor-element-15aecfa9 elementor-widget elementor-widget-heading\" data-id=\"15aecfa9\" data-element_type=\"widget\" data-widget_type=\"heading.default\">\n\t\t\t\t<div class=\"elementor-widget-container\">\n\t\t\t\t\t<h2 class=\"elementor-heading-title elementor-size-default\">Nueva etapa,<br>\nmismo compromiso<\/h2>\t\t\t\t<\/div>\n\t\t\t\t<\/div>\n\t\t\t\t<div class=\"elementor-element elementor-element-54084b55 elementor-widget elementor-widget-text-editor\" data-id=\"54084b55\" data-element_type=\"widget\" data-widget_type=\"text-editor.default\">\n\t\t\t\t<div class=\"elementor-widget-container\">\n\t\t\t\t\t\t\t\t\t<p>Encontranos en nuestra oficinal central en C\u00f3rdoba 844 (1ER PISO) | Rosario, Santa Fe.<\/p>\n<p>Contamos con especialistas dispuestos a resolver todas sus dudas y con la mejor gama de coberturas de salud, seguros y muchos servicios m\u00e1s.<\/p>\t\t\t\t\t\t\t\t<\/div>\n\t\t\t\t<\/div>\n\t\t\t\t<div class=\"elementor-element elementor-element-40ee8a84 elementor-widget elementor-widget-button\" data-id=\"40ee8a84\" data-element_type=\"widget\" data-widget_type=\"button.default\">\n\t\t\t\t<div class=\"elementor-widget-container\">\n\t\t\t\t\t\t\t\t\t<div class=\"elementor-button-wrapper\">\n\t\t\t\t\t<a class=\"elementor-button elementor-button-link elementor-size-sm\" href=\"\">\n\t\t\t\t\t\t<span class=\"elementor-button-content-wrapper\">\n\t\t\t\t\t\t\t\t\t<span class=\"elementor-button-text\">VER M\u00c1S<\/span>\n\t\t\t\t\t<\/span>\n\t\t\t\t\t<\/a>\n\t\t\t\t<\/div>\n\t\t\t\t\t\t\t\t<\/div>\n\t\t\t\t<\/div>\n\t\t\t\t<\/div>\n\t\t\t\t<\/div>\n\t\t<div class=\"elementor-element elementor-element-5bd8341a animated-fast e-flex e-con-boxed elementor-invisible e-con e-parent\" data-id=\"5bd8341a\" data-element_type=\"container\" data-settings=\"{&quot;animation&quot;:&quot;fadeInLeft&quot;}\">\n\t\t\t\t\t<div class=\"e-con-inner\">\n\t\t\t\t<div class=\"elementor-element elementor-element-9d1581d elementor-widget elementor-widget-google_maps\" data-id=\"9d1581d\" data-element_type=\"widget\" data-widget_type=\"google_maps.default\">\n\t\t\t\t<div class=\"elementor-widget-container\">\n\t\t\t\t\t\t\t<div class=\"elementor-custom-embed\">\n\t\t\t<iframe loading=\"lazy\"\n\t\t\t\t\tsrc=\"https:\/\/maps.google.com\/maps?q=C%C3%B3rdoba%20844%20Rosario%20Santa%20Fe&#038;t=m&#038;z=16&#038;output=embed&#038;iwloc=near\"\n\t\t\t\t\ttitle=\"C\u00f3rdoba 844 Rosario Santa Fe\"\n\t\t\t\t\taria-label=\"C\u00f3rdoba 844 Rosario Santa Fe\"\n\t\t\t><\/iframe>\n\t\t<\/div>\n\t\t\t\t\t\t<\/div>\n\t\t\t\t<\/div>\n\t\t\t\t\t<\/div>\n\t\t\t\t<\/div>\n\t\t\t\t<\/div>\n\t\t","protected":false},"excerpt":{"rendered":"<p>Sobre Nosotros La Asociaci\u00f3n Mutual Sulfacid (AMS) nace como la evoluci\u00f3n natural de la hist\u00f3rica y reconocida Sulfacid, una instituci\u00f3n [&hellip;]<\/p>\n","protected":false},"author":1,"featured_media":0,"parent":0,"menu_order":0,"comment_status":"closed","ping_status":"closed","template":"elementor_header_footer","meta":{"site-sidebar-layout":"no-sidebar","site-content-layout":"","ast-site-content-layout":"full-width-container","site-content-style":"default","site-sidebar-style":"default","ast-global-header-display":"","ast-banner-title-visibility":"","ast-main-header-display":"","ast-hfb-above-header-display":"","ast-hfb-below-header-display":"","ast-hfb-mobile-header-display":"","site-post-title":"","ast-breadcrumbs-content":"","ast-featured-img":"disabled","footer-sml-layout":"","theme-transparent-header-meta":"","adv-header-id-meta":"","stick-header-meta":"","header-above-stick-meta":"","header-main-stick-meta":"","header-below-stick-meta":"","astra-migrate-meta-layouts":"default","ast-page-background-enabled":"default","ast-page-background-meta":{"desktop":{"background-color":"var(--ast-global-color-4)","background-image":"","background-repeat":"repeat","background-position":"center center","background-size":"auto","background-attachment":"scroll","background-type":"","background-media":"","overlay-type":"","overlay-color":"","overlay-opacity":"","overlay-gradient":""},"tablet":{"background-color":"","background-image":"","background-repeat":"repeat","background-position":"center center","background-size":"auto","background-attachment":"scroll","background-type":"","background-media":"","overlay-type":"","overlay-color":"","overlay-opacity":"","overlay-gradient":""},"mobile":{"background-color":"","background-image":"","background-repeat":"repeat","background-position":"center center","background-size":"auto","background-attachment":"scroll","background-type":"","background-media":"","overlay-type":"","overlay-color":"","overlay-opacity":"","overlay-gradient":""}},"ast-content-background-meta":{"desktop":{"background-color":"var(--ast-global-color-5)","background-image":"","background-repeat":"repeat","background-position":"center center","background-size":"auto","background-attachment":"scroll","background-type":"","background-media":"","overlay-type":"","overlay-color":"","overlay-opacity":"","overlay-gradient":""},"tablet":{"background-color":"var(--ast-global-color-5)","background-image":"","background-repeat":"repeat","background-position":"center center","background-size":"auto","background-attachment":"scroll","background-type":"","background-media":"","overlay-type":"","overlay-color":"","overlay-opacity":"","overlay-gradient":""},"mobile":{"background-color":"var(--ast-global-color-5)","background-image":"","background-repeat":"repeat","background-position":"center center","background-size":"auto","background-attachment":"scroll","background-type":"","background-media":"","overlay-type":"","overlay-color":"","overlay-opacity":"","overlay-gradient":""}},"_joinchat":[],"footnotes":""},"class_list":["post-18","page","type-page","status-publish","hentry"],"_links":{"self":[{"href":"https:\/\/ams.mutual.ar\/index.php\/wp-json\/wp\/v2\/pages\/18","targetHints":{"allow":["GET"]}}],"collection":[{"href":"https:\/\/ams.mutual.ar\/index.php\/wp-json\/wp\/v2\/pages"}],"about":[{"href":"https:\/\/ams.mutual.ar\/index.php\/wp-json\/wp\/v2\/types\/page"}],"author":[{"embeddable":true,"href":"https:\/\/ams.mutual.ar\/index.php\/wp-json\/wp\/v2\/users\/1"}],"replies":[{"embeddable":true,"href":"https:\/\/ams.mutual.ar\/index.php\/wp-json\/wp\/v2\/comments?post=18"}],"version-history":[{"count":49,"href":"https:\/\/ams.mutual.ar\/index.php\/wp-json\/wp\/v2\/pages\/18\/revisions"}],"predecessor-version":[{"id":721,"href":"https:\/\/ams.mutual.ar\/index.php\/wp-json\/wp\/v2\/pages\/18\/revisions\/721"}],"wp:attachment":[{"href":"https:\/\/ams.mutual.ar\/index.php\/wp-json\/wp\/v2\/media?parent=18"}],"curies":[{"name":"wp","href":"https:\/\/api.w.org\/{rel}","templated":true}]}}