{"id":833,"date":"2026-01-29T10:43:59","date_gmt":"2026-01-29T13:43:59","guid":{"rendered":"https:\/\/ams.mutual.ar\/?page_id=833"},"modified":"2026-01-29T10:46:58","modified_gmt":"2026-01-29T13:46:58","slug":"asistencia-al-viajero","status":"publish","type":"page","link":"https:\/\/ams.mutual.ar\/index.php\/asistencia-al-viajero\/","title":{"rendered":"Asistencia al Viajero"},"content":{"rendered":"\t\t<div data-elementor-type=\"wp-page\" data-elementor-id=\"833\" class=\"elementor elementor-833\" data-elementor-post-type=\"page\">\n\t\t\t\t<div class=\"elementor-element elementor-element-4f4f93b e-con-full e-flex e-con e-parent\" data-id=\"4f4f93b\" data-element_type=\"container\">\n\t\t\t\t<div class=\"elementor-element elementor-element-b9a0767 elementor-widget elementor-widget-html\" data-id=\"b9a0767\" data-element_type=\"widget\" data-widget_type=\"html.default\">\n\t\t\t\t<div class=\"elementor-widget-container\">\n\t\t\t\t\t<section class=\"assistance\">\r\n  <div class=\"assistance-container\">\r\n\r\n    <h2 class=\"assistance-title\">\r\n      Asistencia al viajero<br>\r\n      <span>En Argentina y pa\u00edses lim\u00edtrofes<\/span>\r\n    <\/h2>\r\n\r\n    <div class=\"table-wrapper\">\r\n      <table class=\"assistance-table\">\r\n        <thead>\r\n          <tr>\r\n            <th>Cobertura<\/th>\r\n            <th>Detalle<\/th>\r\n          <\/tr>\r\n        <\/thead>\r\n        <tbody>\r\n          <tr>\r\n            <td data-label=\"Cobertura\">\u00c1mbito de cobertura<\/td>\r\n            <td data-label=\"Detalle\">A m\u00e1s de 100 km del domicilio<\/td>\r\n          <\/tr>\r\n          <tr>\r\n            <td data-label=\"Cobertura\">Asistencia m\u00e9dica por enfermedad o accidente<\/td>\r\n            <td data-label=\"Detalle\">Hasta $ 2.000.000<\/td>\r\n          <\/tr>\r\n          <tr>\r\n            <td data-label=\"Cobertura\">Asistencia m\u00e9dica por preexistencias<\/td>\r\n            <td data-label=\"Detalle\">Hasta $ 400.000<\/td>\r\n          <\/tr>\r\n          <tr>\r\n            <td data-label=\"Cobertura\">Asistencia m\u00e9dica por embarazo<\/td>\r\n            <td data-label=\"Detalle\">Incluido hasta semana 26 de embarazo<\/td>\r\n          <\/tr>\r\n          <tr>\r\n            <td data-label=\"Cobertura\">Asistencia m\u00e9dica por accidentes deportivos<\/td>\r\n            <td data-label=\"Detalle\">Hasta $ 300.000<\/td>\r\n          <\/tr>\r\n          <tr>\r\n            <td data-label=\"Cobertura\">Medicamentos<\/td>\r\n            <td data-label=\"Detalle\">Hasta $ 300.000<\/td>\r\n          <\/tr>\r\n          <tr>\r\n            <td data-label=\"Cobertura\">Odontolog\u00eda<\/td>\r\n            <td data-label=\"Detalle\">Hasta $ 300.000<\/td>\r\n          <\/tr>\r\n        <\/tbody>\r\n      <\/table>\r\n    <\/div>\r\n\r\n    <div class=\"extras\">\r\n      <p>20% OFF en seguros internacionales<\/p>\r\n      <p>10% OFF en rent a car internacional<\/p>\r\n    <\/div>\r\n\r\n    <div class=\"buttons\">\r\n      <a href=\"https:\/\/ams.mutual.ar\/index.php\/servicios\/#beneficios\" class=\"btn btn-primary\">\r\n        Volver a beneficios\r\n      <\/a>\r\n      <a href=\"https:\/\/ams.mutual.ar\/index.php\/contacto\/\" class=\"btn btn-success\">\r\n        Contactarme\r\n      <\/a>\r\n    <\/div>\r\n\r\n  <\/div>\r\n<\/section>\r\n\t\t\t\t<\/div>\n\t\t\t\t<\/div>\n\t\t\t\t<\/div>\n\t\t\t\t<\/div>\n\t\t","protected":false},"excerpt":{"rendered":"<p>Asistencia al viajero En Argentina y pa\u00edses lim\u00edtrofes Cobertura Detalle \u00c1mbito de cobertura A m\u00e1s de 100 km del domicilio [&hellip;]<\/p>\n","protected":false},"author":1,"featured_media":0,"parent":0,"menu_order":0,"comment_status":"closed","ping_status":"closed","template":"elementor_header_footer","meta":{"site-sidebar-layout":"no-sidebar","site-content-layout":"","ast-site-content-layout":"full-width-container","site-content-style":"default","site-sidebar-style":"default","ast-global-header-display":"","ast-banner-title-visibility":"","ast-main-header-display":"","ast-hfb-above-header-display":"","ast-hfb-below-header-display":"","ast-hfb-mobile-header-display":"","site-post-title":"","ast-breadcrumbs-content":"","ast-featured-img":"disabled","footer-sml-layout":"","theme-transparent-header-meta":"","adv-header-id-meta":"","stick-header-meta":"","header-above-stick-meta":"","header-main-stick-meta":"","header-below-stick-meta":"","astra-migrate-meta-layouts":"default","ast-page-background-enabled":"default","ast-page-background-meta":{"desktop":{"background-color":"var(--ast-global-color-4)","background-image":"","background-repeat":"repeat","background-position":"center center","background-size":"auto","background-attachment":"scroll","background-type":"","background-media":"","overlay-type":"","overlay-color":"","overlay-opacity":"","overlay-gradient":""},"tablet":{"background-color":"","background-image":"","background-repeat":"repeat","background-position":"center center","background-size":"auto","background-attachment":"scroll","background-type":"","background-media":"","overlay-type":"","overlay-color":"","overlay-opacity":"","overlay-gradient":""},"mobile":{"background-color":"","background-image":"","background-repeat":"repeat","background-position":"center center","background-size":"auto","background-attachment":"scroll","background-type":"","background-media":"","overlay-type":"","overlay-color":"","overlay-opacity":"","overlay-gradient":""}},"ast-content-background-meta":{"desktop":{"background-color":"var(--ast-global-color-5)","background-image":"","background-repeat":"repeat","background-position":"center center","background-size":"auto","background-attachment":"scroll","background-type":"","background-media":"","overlay-type":"","overlay-color":"","overlay-opacity":"","overlay-gradient":""},"tablet":{"background-color":"var(--ast-global-color-5)","background-image":"","background-repeat":"repeat","background-position":"center center","background-size":"auto","background-attachment":"scroll","background-type":"","background-media":"","overlay-type":"","overlay-color":"","overlay-opacity":"","overlay-gradient":""},"mobile":{"background-color":"var(--ast-global-color-5)","background-image":"","background-repeat":"repeat","background-position":"center center","background-size":"auto","background-attachment":"scroll","background-type":"","background-media":"","overlay-type":"","overlay-color":"","overlay-opacity":"","overlay-gradient":""}},"_joinchat":[],"footnotes":""},"class_list":["post-833","page","type-page","status-publish","hentry"],"_links":{"self":[{"href":"https:\/\/ams.mutual.ar\/index.php\/wp-json\/wp\/v2\/pages\/833","targetHints":{"allow":["GET"]}}],"collection":[{"href":"https:\/\/ams.mutual.ar\/index.php\/wp-json\/wp\/v2\/pages"}],"about":[{"href":"https:\/\/ams.mutual.ar\/index.php\/wp-json\/wp\/v2\/types\/page"}],"author":[{"embeddable":true,"href":"https:\/\/ams.mutual.ar\/index.php\/wp-json\/wp\/v2\/users\/1"}],"replies":[{"embeddable":true,"href":"https:\/\/ams.mutual.ar\/index.php\/wp-json\/wp\/v2\/comments?post=833"}],"version-history":[{"count":3,"href":"https:\/\/ams.mutual.ar\/index.php\/wp-json\/wp\/v2\/pages\/833\/revisions"}],"predecessor-version":[{"id":839,"href":"https:\/\/ams.mutual.ar\/index.php\/wp-json\/wp\/v2\/pages\/833\/revisions\/839"}],"wp:attachment":[{"href":"https:\/\/ams.mutual.ar\/index.php\/wp-json\/wp\/v2\/media?parent=833"}],"curies":[{"name":"wp","href":"https:\/\/api.w.org\/{rel}","templated":true}]}}