{"id":857,"date":"2026-01-29T10:55:31","date_gmt":"2026-01-29T13:55:31","guid":{"rendered":"https:\/\/ams.mutual.ar\/index.php\/asistencia-a-la-mascota\/"},"modified":"2026-01-29T11:01:21","modified_gmt":"2026-01-29T14:01:21","slug":"asistencia-a-la-mascota","status":"publish","type":"page","link":"https:\/\/ams.mutual.ar\/index.php\/asistencia-a-la-mascota\/","title":{"rendered":"Asistencia a la Mascota"},"content":{"rendered":"\t\t<div data-elementor-type=\"wp-page\" data-elementor-id=\"857\" class=\"elementor elementor-857\" data-elementor-post-type=\"page\">\n\t\t\t\t<div class=\"elementor-element elementor-element-4f4f93b e-con-full e-flex e-con e-parent\" data-id=\"4f4f93b\" data-element_type=\"container\">\n\t\t\t\t<div class=\"elementor-element elementor-element-b9a0767 elementor-widget elementor-widget-html\" data-id=\"b9a0767\" data-element_type=\"widget\" data-widget_type=\"html.default\">\n\t\t\t\t<div class=\"elementor-widget-container\">\n\t\t\t\t\t<section class=\"assistance\">\r\n  <div class=\"assistance-container\">\r\n    <h2 class=\"assistance-title\">Asistencia a la mascota<\/h2>\r\n\r\n    <div class=\"table-wrapper\">\r\n      <table class=\"assistance-table\">\r\n        <thead>\r\n          <tr>\r\n            <th>Servicio<\/th>\r\n            <th>Monto m\u00e1ximo por evento<\/th>\r\n            <th>Eventos m\u00e1ximos por a\u00f1o<\/th>\r\n          <\/tr>\r\n        <\/thead>\r\n        <tbody>\r\n          <tr>\r\n            <td data-label=\"Servicio\">Pet Phone \u2013 Consultas Telef\u00f3nicas Veterinarias 24 horas<\/td>\r\n            <td data-label=\"Monto\" class=\"highlight\">Sin l\u00edmite<\/td>\r\n            <td data-label=\"Eventos\">12 eventos<\/td>\r\n          <\/tr>\r\n\r\n          <tr>\r\n            <td data-label=\"Servicio\">Veterinario a domicilio en caso de emergencia<\/td>\r\n            <td data-label=\"Monto\">$ 50.000<\/td>\r\n            <td data-label=\"Eventos\">1 evento<\/td>\r\n          <\/tr>\r\n\r\n          <tr>\r\n            <td data-label=\"Servicio\">Consulta en Centro Veterinario por Urgencias<\/td>\r\n            <td data-label=\"Monto\">$ 50.000<\/td>\r\n            <td data-label=\"Eventos\">1 evento<\/td>\r\n          <\/tr>\r\n\r\n          <tr>\r\n            <td data-label=\"Servicio\">Infertilizaci\u00f3n<\/td>\r\n            <td data-label=\"Monto\">$ 50.000<\/td>\r\n            <td data-label=\"Eventos\">1 evento<\/td>\r\n          <\/tr>\r\n\r\n          <tr>\r\n            <td data-label=\"Servicio\">Vacunaci\u00f3n y Desparasitado<\/td>\r\n            <td data-label=\"Monto\">$ 50.000<\/td>\r\n            <td data-label=\"Eventos\">1 evento<\/td>\r\n          <\/tr>\r\n\r\n          <tr>\r\n            <td data-label=\"Servicio\">Referencias de hospitales y cl\u00ednicas, aseo y paseo de mascotas<\/td>\r\n            <td data-label=\"Monto\" class=\"highlight\">Sin l\u00edmite<\/td>\r\n            <td data-label=\"Eventos\" class=\"highlight\">Sin l\u00edmite<\/td>\r\n          <\/tr>\r\n\r\n          <tr>\r\n            <td data-label=\"Servicio\">Asistencia funeraria para mascotas<\/td>\r\n            <td data-label=\"Monto\">$ 80.000<\/td>\r\n            <td data-label=\"Eventos\">1 evento<\/td>\r\n          <\/tr>\r\n\r\n          <tr>\r\n            <td data-label=\"Servicio\">Paseo de mascotas por hospitalizaci\u00f3n<\/td>\r\n            <td data-label=\"Monto\">Hasta $ 80.000<\/td>\r\n            <td data-label=\"Eventos\">1 evento<\/td>\r\n          <\/tr>\r\n\r\n          <tr>\r\n            <td data-label=\"Servicio\">Hotel para mascotas en caso de hospitalizaci\u00f3n<\/td>\r\n            <td data-label=\"Monto\">Hasta $ 80.000<\/td>\r\n            <td data-label=\"Eventos\">1 evento<\/td>\r\n          <\/tr>\r\n        <\/tbody>\r\n      <\/table>\r\n    <\/div>\r\n\r\n    <!-- BOTONES -->\r\n    <div class=\"buttons\">\r\n      <a href=\"https:\/\/ams.mutual.ar\/index.php\/servicios\/#beneficios\" class=\"btn btn-primary\">\r\n        Volver a beneficios\r\n      <\/a>\r\n      <a href=\"https:\/\/ams.mutual.ar\/index.php\/contacto\/\" class=\"btn btn-success\">\r\n        Contactarme\r\n      <\/a>\r\n    <\/div>\r\n  <\/div>\r\n<\/section>\r\n\t\t\t\t<\/div>\n\t\t\t\t<\/div>\n\t\t\t\t<\/div>\n\t\t\t\t<\/div>\n\t\t","protected":false},"excerpt":{"rendered":"<p>Asistencia a la mascota Servicio Monto m\u00e1ximo por evento Eventos m\u00e1ximos por a\u00f1o Pet Phone \u2013 Consultas Telef\u00f3nicas Veterinarias 24 [&hellip;]<\/p>\n","protected":false},"author":1,"featured_media":0,"parent":0,"menu_order":0,"comment_status":"closed","ping_status":"closed","template":"elementor_header_footer","meta":{"site-sidebar-layout":"no-sidebar","site-content-layout":"","ast-site-content-layout":"full-width-container","site-content-style":"default","site-sidebar-style":"default","ast-global-header-display":"","ast-banner-title-visibility":"","ast-main-header-display":"","ast-hfb-above-header-display":"","ast-hfb-below-header-display":"","ast-hfb-mobile-header-display":"","site-post-title":"","ast-breadcrumbs-content":"","ast-featured-img":"disabled","footer-sml-layout":"","theme-transparent-header-meta":"","adv-header-id-meta":"","stick-header-meta":"","header-above-stick-meta":"","header-main-stick-meta":"","header-below-stick-meta":"","astra-migrate-meta-layouts":"default","ast-page-background-enabled":"default","ast-page-background-meta":{"desktop":{"background-color":"var(--ast-global-color-4)","background-image":"","background-repeat":"repeat","background-position":"center center","background-size":"auto","background-attachment":"scroll","background-type":"","background-media":"","overlay-type":"","overlay-color":"","overlay-opacity":"","overlay-gradient":""},"tablet":{"background-color":"","background-image":"","background-repeat":"repeat","background-position":"center center","background-size":"auto","background-attachment":"scroll","background-type":"","background-media":"","overlay-type":"","overlay-color":"","overlay-opacity":"","overlay-gradient":""},"mobile":{"background-color":"","background-image":"","background-repeat":"repeat","background-position":"center center","background-size":"auto","background-attachment":"scroll","background-type":"","background-media":"","overlay-type":"","overlay-color":"","overlay-opacity":"","overlay-gradient":""}},"ast-content-background-meta":{"desktop":{"background-color":"var(--ast-global-color-5)","background-image":"","background-repeat":"repeat","background-position":"center center","background-size":"auto","background-attachment":"scroll","background-type":"","background-media":"","overlay-type":"","overlay-color":"","overlay-opacity":"","overlay-gradient":""},"tablet":{"background-color":"var(--ast-global-color-5)","background-image":"","background-repeat":"repeat","background-position":"center center","background-size":"auto","background-attachment":"scroll","background-type":"","background-media":"","overlay-type":"","overlay-color":"","overlay-opacity":"","overlay-gradient":""},"mobile":{"background-color":"var(--ast-global-color-5)","background-image":"","background-repeat":"repeat","background-position":"center center","background-size":"auto","background-attachment":"scroll","background-type":"","background-media":"","overlay-type":"","overlay-color":"","overlay-opacity":"","overlay-gradient":""}},"_joinchat":[],"footnotes":""},"class_list":["post-857","page","type-page","status-publish","hentry"],"_links":{"self":[{"href":"https:\/\/ams.mutual.ar\/index.php\/wp-json\/wp\/v2\/pages\/857","targetHints":{"allow":["GET"]}}],"collection":[{"href":"https:\/\/ams.mutual.ar\/index.php\/wp-json\/wp\/v2\/pages"}],"about":[{"href":"https:\/\/ams.mutual.ar\/index.php\/wp-json\/wp\/v2\/types\/page"}],"author":[{"embeddable":true,"href":"https:\/\/ams.mutual.ar\/index.php\/wp-json\/wp\/v2\/users\/1"}],"replies":[{"embeddable":true,"href":"https:\/\/ams.mutual.ar\/index.php\/wp-json\/wp\/v2\/comments?post=857"}],"version-history":[{"count":3,"href":"https:\/\/ams.mutual.ar\/index.php\/wp-json\/wp\/v2\/pages\/857\/revisions"}],"predecessor-version":[{"id":866,"href":"https:\/\/ams.mutual.ar\/index.php\/wp-json\/wp\/v2\/pages\/857\/revisions\/866"}],"wp:attachment":[{"href":"https:\/\/ams.mutual.ar\/index.php\/wp-json\/wp\/v2\/media?parent=857"}],"curies":[{"name":"wp","href":"https:\/\/api.w.org\/{rel}","templated":true}]}}